{"id":3713,"date":"2023-06-28T10:04:45","date_gmt":"2023-06-28T08:04:45","guid":{"rendered":"https:\/\/www.nihoneuropa.fr\/?page_id=3713"},"modified":"2025-12-12T14:01:03","modified_gmt":"2025-12-12T13:01:03","slug":"our-publications","status":"publish","type":"page","link":"https:\/\/www.nihoneuropa.fr\/en\/our-publications\/","title":{"rendered":"Our publications"},"content":{"rendered":"\t\t<div data-elementor-type=\"wp-page\" data-elementor-id=\"3713\" class=\"elementor elementor-3713\">\n\t\t\t\t\t\t<section class=\"elementor-section elementor-top-section elementor-element elementor-element-603f2f5 elementor-section-full_width elementor-section-height-default elementor-section-height-default\" data-id=\"603f2f5\" data-element_type=\"section\" data-settings=\"{&quot;background_background&quot;:&quot;classic&quot;}\">\n\t\t\t\t\t\t<div class=\"elementor-container elementor-column-gap-no\">\n\t\t\t\t\t<div class=\"elementor-column elementor-col-100 elementor-top-column elementor-element elementor-element-7e44192\" data-id=\"7e44192\" data-element_type=\"column\">\n\t\t\t<div class=\"elementor-widget-wrap elementor-element-populated\">\n\t\t\t\t\t\t<section class=\"elementor-section elementor-inner-section elementor-element elementor-element-707c633 elementor-section-boxed elementor-section-height-default elementor-section-height-default\" data-id=\"707c633\" data-element_type=\"section\">\n\t\t\t\t\t\t<div class=\"elementor-container elementor-column-gap-default\">\n\t\t\t\t\t<div class=\"elementor-column elementor-col-50 elementor-inner-column elementor-element elementor-element-7d23298\" data-id=\"7d23298\" data-element_type=\"column\">\n\t\t\t<div class=\"elementor-widget-wrap elementor-element-populated\">\n\t\t\t\t\t\t<div class=\"elementor-element elementor-element-759502d filarianne elementor-widget elementor-widget-shortcode\" data-id=\"759502d\" data-element_type=\"widget\" data-widget_type=\"shortcode.default\">\n\t\t\t\t<div class=\"elementor-widget-container\">\n\t\t\t\t\t\t\t<div class=\"elementor-shortcode\"><span><span><a href=\"https:\/\/www.nihoneuropa.fr\/en\/\">Accueil<\/a><\/span><\/span><\/div>\n\t\t\t\t\t\t<\/div>\n\t\t\t\t<\/div>\n\t\t\t\t\t<\/div>\n\t\t<\/div>\n\t\t\t\t<div class=\"elementor-column elementor-col-50 elementor-inner-column elementor-element elementor-element-3dd268b\" data-id=\"3dd268b\" data-element_type=\"column\">\n\t\t\t<div class=\"elementor-widget-wrap\">\n\t\t\t\t\t\t\t<\/div>\n\t\t<\/div>\n\t\t\t\t\t<\/div>\n\t\t<\/section>\n\t\t\t\t<section class=\"elementor-section elementor-inner-section elementor-element elementor-element-55896ec elementor-section-boxed elementor-section-height-default elementor-section-height-default\" data-id=\"55896ec\" data-element_type=\"section\">\n\t\t\t\t\t\t<div class=\"elementor-container elementor-column-gap-default\">\n\t\t\t\t\t<div class=\"elementor-column elementor-col-100 elementor-inner-column elementor-element elementor-element-b610492\" data-id=\"b610492\" data-element_type=\"column\">\n\t\t\t<div class=\"elementor-widget-wrap elementor-element-populated\">\n\t\t\t\t\t\t<div class=\"elementor-element elementor-element-bf8b9b8 elementor-widget elementor-widget-heading\" data-id=\"bf8b9b8\" data-element_type=\"widget\" data-widget_type=\"heading.default\">\n\t\t\t\t<div class=\"elementor-widget-container\">\n\t\t\t\t\t<h1 class=\"elementor-heading-title elementor-size-default\">Our publications<\/h1>\t\t\t\t<\/div>\n\t\t\t\t<\/div>\n\t\t\t\t\t<\/div>\n\t\t<\/div>\n\t\t\t\t\t<\/div>\n\t\t<\/section>\n\t\t\t\t<section class=\"elementor-section elementor-inner-section elementor-element elementor-element-f68e406 elementor-section-boxed elementor-section-height-default elementor-section-height-default\" data-id=\"f68e406\" data-element_type=\"section\">\n\t\t\t\t\t\t<div class=\"elementor-container elementor-column-gap-default\">\n\t\t\t\t\t<div class=\"elementor-column elementor-col-100 elementor-inner-column elementor-element elementor-element-72bd202\" data-id=\"72bd202\" data-element_type=\"column\">\n\t\t\t<div class=\"elementor-widget-wrap elementor-element-populated\">\n\t\t\t\t\t\t<div class=\"elementor-element elementor-element-49c987e elementor-widget-divider--view-line elementor-widget elementor-widget-divider\" data-id=\"49c987e\" data-element_type=\"widget\" data-widget_type=\"divider.default\">\n\t\t\t\t<div class=\"elementor-widget-container\">\n\t\t\t\t\t\t\t<div class=\"elementor-divider\">\n\t\t\t<span class=\"elementor-divider-separator\">\n\t\t\t\t\t\t<\/span>\n\t\t<\/div>\n\t\t\t\t\t\t<\/div>\n\t\t\t\t<\/div>\n\t\t\t\t\t<\/div>\n\t\t<\/div>\n\t\t\t\t\t<\/div>\n\t\t<\/section>\n\t\t\t\t\t<\/div>\n\t\t<\/div>\n\t\t\t\t\t<\/div>\n\t\t<\/section>\n\t\t\t\t<section class=\"elementor-section elementor-top-section elementor-element elementor-element-6289f00 elementor-section-boxed elementor-section-height-default elementor-section-height-default\" data-id=\"6289f00\" data-element_type=\"section\">\n\t\t\t\t\t\t<div class=\"elementor-container elementor-column-gap-default\">\n\t\t\t\t\t<div class=\"elementor-column elementor-col-100 elementor-top-column elementor-element elementor-element-77bd71d\" data-id=\"77bd71d\" data-element_type=\"column\">\n\t\t\t<div class=\"elementor-widget-wrap elementor-element-populated\">\n\t\t\t\t\t\t<section class=\"elementor-section elementor-inner-section elementor-element elementor-element-175a405 elementor-section-boxed elementor-section-height-default elementor-section-height-default\" data-id=\"175a405\" data-element_type=\"section\">\n\t\t\t\t\t\t<div class=\"elementor-container elementor-column-gap-default\">\n\t\t\t\t\t<div class=\"elementor-column elementor-col-33 elementor-inner-column elementor-element elementor-element-91e063e\" data-id=\"91e063e\" data-element_type=\"column\" data-settings=\"{&quot;background_background&quot;:&quot;classic&quot;}\">\n\t\t\t<div class=\"elementor-widget-wrap elementor-element-populated\">\n\t\t\t\t\t\t<div class=\"elementor-element elementor-element-3304036 elementor-widget elementor-widget-image\" data-id=\"3304036\" data-element_type=\"widget\" data-widget_type=\"image.default\">\n\t\t\t\t<div class=\"elementor-widget-container\">\n\t\t\t\t\t\t\t\t\t\t\t\t\t\t\t<img fetchpriority=\"high\" decoding=\"async\" width=\"560\" height=\"650\" src=\"https:\/\/www.nihoneuropa.fr\/en\/wp-content\/uploads\/sites\/3\/2022\/10\/etudier-japon-nihon-europa.png\" class=\"attachment-full size-full wp-image-3373\" alt=\"\u00e9tudier au japon, Nihon Europa\" srcset=\"https:\/\/www.nihoneuropa.fr\/en\/wp-content\/uploads\/sites\/3\/2022\/10\/etudier-japon-nihon-europa.png 560w, https:\/\/www.nihoneuropa.fr\/en\/wp-content\/uploads\/sites\/3\/2022\/10\/etudier-japon-nihon-europa-258x300.png 258w, https:\/\/www.nihoneuropa.fr\/en\/wp-content\/uploads\/sites\/3\/2022\/10\/etudier-japon-nihon-europa-500x580.png 500w\" sizes=\"(max-width: 560px) 100vw, 560px\" \/>\t\t\t\t\t\t\t\t\t\t\t\t\t\t\t<\/div>\n\t\t\t\t<\/div>\n\t\t\t\t\t<\/div>\n\t\t<\/div>\n\t\t\t\t<div class=\"elementor-column elementor-col-33 elementor-inner-column elementor-element elementor-element-a60a53d\" data-id=\"a60a53d\" data-element_type=\"column\">\n\t\t\t<div class=\"elementor-widget-wrap\">\n\t\t\t\t\t\t\t<\/div>\n\t\t<\/div>\n\t\t\t\t<div class=\"elementor-column elementor-col-33 elementor-inner-column elementor-element elementor-element-2dd1e19\" data-id=\"2dd1e19\" data-element_type=\"column\">\n\t\t\t<div class=\"elementor-widget-wrap elementor-element-populated\">\n\t\t\t\t\t\t<div class=\"elementor-element elementor-element-74771d3 elementor-widget elementor-widget-text-editor\" data-id=\"74771d3\" data-element_type=\"widget\" data-widget_type=\"text-editor.default\">\n\t\t\t\t<div class=\"elementor-widget-container\">\n\t\t\t\t\t\t\t\t\t<h2>2026<\/h2><p><a href=\"https:\/\/www.nihoneuropa.fr\/en\/social-security-systems-in-times-of-crisis\/\" target=\"_blank\" rel=\"noopener\">Social Protection Systems in Times of Crisis : A Franco-Japanese Perspective<\/a>, Lo\u00efc Levoyer, Karine Michelet (Dir.), Paris, PuR, <em>L&rsquo;Univers des normes<\/em> series, forthcoming in 2025.<\/p><h2>2022<\/h2><p>&#8211; International symposium &#8211; Monday 24 October : <br \/><a href=\"https:\/\/www.nihoneuropa.fr\/en\/wp-content\/uploads\/2023\/06\/Programme-colloque-Nihon-Europa-24-et-25-octobre-2022.pdf\" target=\"_blank\" rel=\"noopener\">Cross-Perspectives on Constitutional and Economic Law<\/a><\/p><h2>2020<\/h2><p>&#8211; Proceedings of the symposium held at the Institute of Social Science, University of Tokyo (second PHC Sakura ERASCLA symposium) : <em>\u00ab\u00a0The Welfare State in France and the Quality of Life of the Elderly : A Paradigm Shift<\/em> ?\u00a0\u00bb, University of Tokyo, ISS Research Series, No. 69.<\/p><p><a href=\"https:\/\/jww.iss.u-tokyo.ac.jp\/publishments\/issrs\/issrs\/index.html\">https:\/\/jww.iss.u-tokyo.ac.jp\/publishments\/issrs\/issrs\/index.html<\/a><\/p><h2>2019<\/h2><p>&#8211; Publication of the volume <em>\u00ab\u00a0Legal and Social Consequences of Ageing in France and Japan\u00a0\u00bb<\/em> (Lextenso, Facult\u00e9 des sciences juridiques de l&rsquo;Univesrit\u00e9 de Poitiers series), based on the conference held at the University of Poitiers in March 2018\u00a0(see section <a href=\"https:\/\/www.nihoneuropa.fr\/en\/nos-manifestations\/\"><em>Scientific events<\/em><\/a>).<\/p><p><a href=\"https:\/\/www.lgdj.fr\/les-consequences-juridiques-et-sociales-du-vieillissement-9791090426955.html\">https:\/\/www.lgdj.fr\/les-consequences-juridiques-et-sociales-du-vieillissement-9791090426955.html<\/a><\/p><h2>2016<\/h2><p>Online access to video recordings of the first Franco-Japanese cross-perspective symposium organised under the Nihon EuropA framework, 4-5 October 2016.\u00a0<\/p><p><iframe class=\"wp-embedded-content\" sandbox=\"allow-scripts\" security=\"restricted\" title=\"Philippe VENDRIX (Pr\u00e9sident de l\u2019Universit\u00e9 de Tours) et Mme Nathalie ALBERT-MORETTI (Professeur de droit public, Doyen de la Facult\u00e9 de droit de Tours), Pierre-Yves MONJAL (Professeur de droit public, Universit\u00e9 de Tours)Mots d&#039;accueil, d\u00e9but des travaux\" width='560' height='315' src='https:\/\/www.canal-u.tv\/chaines\/irji\/embed\/87879?t=0#?secret=SlFkMzxxGW' data-secret='SlFkMzxxGW'><\/iframe><\/p>\t\t\t\t\t\t\t\t<\/div>\n\t\t\t\t<\/div>\n\t\t\t\t\t<\/div>\n\t\t<\/div>\n\t\t\t\t\t<\/div>\n\t\t<\/section>\n\t\t\t\t\t<\/div>\n\t\t<\/div>\n\t\t\t\t\t<\/div>\n\t\t<\/section>\n\t\t\t\t<\/div>\n\t\t","protected":false},"excerpt":{"rendered":"<p>Our publications 2026 Social Protection Systems in Times of Crisis : A Franco-Japanese Perspective, Lo\u00efc Levoyer, Karine Michelet (Dir.), Paris, PuR, L&rsquo;Univers des normes series, forthcoming in 2025. 2022 &#8211; International symposium &#8211; Monday 24 October : Cross-Perspectives on Constitutional and Economic Law 2020 &#8211; Proceedings of the symposium held at the Institute of Social [&hellip;]<\/p>\n","protected":false},"author":2,"featured_media":0,"parent":0,"menu_order":0,"comment_status":"closed","ping_status":"closed","template":"","meta":{"_vp_format_video_url":"","_vp_image_focal_point":[],"footnotes":""},"class_list":["post-3713","page","type-page","status-publish","hentry"],"yoast_head":"<!-- This site is optimized with the Yoast SEO plugin v26.4 - https:\/\/yoast.com\/wordpress\/plugins\/seo\/ -->\n<title>Our publications - Nihon EuropA Network of French and Japanese lawyers<\/title>\n<meta name=\"robots\" content=\"index, follow, max-snippet:-1, max-image-preview:large, max-video-preview:-1\" \/>\n<link rel=\"canonical\" href=\"https:\/\/www.nihoneuropa.fr\/en\/our-publications\/\" \/>\n<meta property=\"og:locale\" content=\"fr_FR\" \/>\n<meta property=\"og:type\" content=\"article\" \/>\n<meta property=\"og:title\" content=\"Our publications - Nihon EuropA Network of French and Japanese lawyers\" \/>\n<meta property=\"og:description\" content=\"Our publications 2026 Social Protection Systems in Times of Crisis : A Franco-Japanese Perspective, Lo\u00efc Levoyer, Karine Michelet (Dir.), Paris, PuR, L&rsquo;Univers des normes series, forthcoming in 2025. 2022 &#8211; International symposium &#8211; Monday 24 October : Cross-Perspectives on Constitutional and Economic Law 2020 &#8211; Proceedings of the symposium held at the Institute of Social [&hellip;]\" \/>\n<meta property=\"og:url\" content=\"https:\/\/www.nihoneuropa.fr\/en\/our-publications\/\" \/>\n<meta property=\"og:site_name\" content=\"Nihon EuropA Network of French and Japanese lawyers\" \/>\n<meta property=\"article:modified_time\" content=\"2025-12-12T13:01:03+00:00\" \/>\n<meta property=\"og:image\" content=\"https:\/\/www.nihoneuropa.fr\/en\/wp-content\/uploads\/sites\/3\/2022\/10\/etudier-japon-nihon-europa.png\" \/>\n\t<meta property=\"og:image:width\" content=\"560\" \/>\n\t<meta property=\"og:image:height\" content=\"650\" \/>\n\t<meta property=\"og:image:type\" content=\"image\/png\" \/>\n<meta name=\"twitter:card\" content=\"summary_large_image\" \/>\n<meta name=\"twitter:label1\" content=\"Dur\u00e9e de lecture estim\u00e9e\" \/>\n\t<meta name=\"twitter:data1\" content=\"1 minute\" \/>\n<script type=\"application\/ld+json\" class=\"yoast-schema-graph\">{\"@context\":\"https:\/\/schema.org\",\"@graph\":[{\"@type\":\"WebPage\",\"@id\":\"https:\/\/www.nihoneuropa.fr\/en\/our-publications\/\",\"url\":\"https:\/\/www.nihoneuropa.fr\/en\/our-publications\/\",\"name\":\"Our publications - Nihon EuropA Network of French and Japanese lawyers\",\"isPartOf\":{\"@id\":\"https:\/\/www.nihoneuropa.fr\/en\/#website\"},\"primaryImageOfPage\":{\"@id\":\"https:\/\/www.nihoneuropa.fr\/en\/our-publications\/#primaryimage\"},\"image\":{\"@id\":\"https:\/\/www.nihoneuropa.fr\/en\/our-publications\/#primaryimage\"},\"thumbnailUrl\":\"https:\/\/www.nihoneuropa.fr\/en\/wp-content\/uploads\/sites\/3\/2022\/10\/etudier-japon-nihon-europa.png\",\"datePublished\":\"2023-06-28T08:04:45+00:00\",\"dateModified\":\"2025-12-12T13:01:03+00:00\",\"breadcrumb\":{\"@id\":\"https:\/\/www.nihoneuropa.fr\/en\/our-publications\/#breadcrumb\"},\"inLanguage\":\"fr-FR\",\"potentialAction\":[{\"@type\":\"ReadAction\",\"target\":[\"https:\/\/www.nihoneuropa.fr\/en\/our-publications\/\"]}]},{\"@type\":\"ImageObject\",\"inLanguage\":\"fr-FR\",\"@id\":\"https:\/\/www.nihoneuropa.fr\/en\/our-publications\/#primaryimage\",\"url\":\"https:\/\/www.nihoneuropa.fr\/en\/wp-content\/uploads\/sites\/3\/2022\/10\/etudier-japon-nihon-europa.png\",\"contentUrl\":\"https:\/\/www.nihoneuropa.fr\/en\/wp-content\/uploads\/sites\/3\/2022\/10\/etudier-japon-nihon-europa.png\",\"width\":560,\"height\":650,\"caption\":\"\u00e9tudier au japon, Nihon Europa\"},{\"@type\":\"BreadcrumbList\",\"@id\":\"https:\/\/www.nihoneuropa.fr\/en\/our-publications\/#breadcrumb\",\"itemListElement\":[{\"@type\":\"ListItem\",\"position\":1,\"name\":\"Accueil\",\"item\":\"https:\/\/www.nihoneuropa.fr\/en\/\"},{\"@type\":\"ListItem\",\"position\":2,\"name\":\"Our publications\"}]},{\"@type\":\"WebSite\",\"@id\":\"https:\/\/www.nihoneuropa.fr\/en\/#website\",\"url\":\"https:\/\/www.nihoneuropa.fr\/en\/\",\"name\":\"Nihon EuropA Network of French and Japanese lawyers\",\"description\":\"\",\"potentialAction\":[{\"@type\":\"SearchAction\",\"target\":{\"@type\":\"EntryPoint\",\"urlTemplate\":\"https:\/\/www.nihoneuropa.fr\/en\/?s={search_term_string}\"},\"query-input\":{\"@type\":\"PropertyValueSpecification\",\"valueRequired\":true,\"valueName\":\"search_term_string\"}}],\"inLanguage\":\"fr-FR\"}]}<\/script>\n<!-- \/ Yoast SEO plugin. -->","yoast_head_json":{"title":"Our publications - Nihon EuropA Network of French and Japanese lawyers","robots":{"index":"index","follow":"follow","max-snippet":"max-snippet:-1","max-image-preview":"max-image-preview:large","max-video-preview":"max-video-preview:-1"},"canonical":"https:\/\/www.nihoneuropa.fr\/en\/our-publications\/","og_locale":"fr_FR","og_type":"article","og_title":"Our publications - Nihon EuropA Network of French and Japanese lawyers","og_description":"Our publications 2026 Social Protection Systems in Times of Crisis : A Franco-Japanese Perspective, Lo\u00efc Levoyer, Karine Michelet (Dir.), Paris, PuR, L&rsquo;Univers des normes series, forthcoming in 2025. 2022 &#8211; International symposium &#8211; Monday 24 October : Cross-Perspectives on Constitutional and Economic Law 2020 &#8211; Proceedings of the symposium held at the Institute of Social [&hellip;]","og_url":"https:\/\/www.nihoneuropa.fr\/en\/our-publications\/","og_site_name":"Nihon EuropA Network of French and Japanese lawyers","article_modified_time":"2025-12-12T13:01:03+00:00","og_image":[{"width":560,"height":650,"url":"https:\/\/www.nihoneuropa.fr\/en\/wp-content\/uploads\/sites\/3\/2022\/10\/etudier-japon-nihon-europa.png","type":"image\/png"}],"twitter_card":"summary_large_image","twitter_misc":{"Dur\u00e9e de lecture estim\u00e9e":"1 minute"},"schema":{"@context":"https:\/\/schema.org","@graph":[{"@type":"WebPage","@id":"https:\/\/www.nihoneuropa.fr\/en\/our-publications\/","url":"https:\/\/www.nihoneuropa.fr\/en\/our-publications\/","name":"Our publications - Nihon EuropA Network of French and Japanese lawyers","isPartOf":{"@id":"https:\/\/www.nihoneuropa.fr\/en\/#website"},"primaryImageOfPage":{"@id":"https:\/\/www.nihoneuropa.fr\/en\/our-publications\/#primaryimage"},"image":{"@id":"https:\/\/www.nihoneuropa.fr\/en\/our-publications\/#primaryimage"},"thumbnailUrl":"https:\/\/www.nihoneuropa.fr\/en\/wp-content\/uploads\/sites\/3\/2022\/10\/etudier-japon-nihon-europa.png","datePublished":"2023-06-28T08:04:45+00:00","dateModified":"2025-12-12T13:01:03+00:00","breadcrumb":{"@id":"https:\/\/www.nihoneuropa.fr\/en\/our-publications\/#breadcrumb"},"inLanguage":"fr-FR","potentialAction":[{"@type":"ReadAction","target":["https:\/\/www.nihoneuropa.fr\/en\/our-publications\/"]}]},{"@type":"ImageObject","inLanguage":"fr-FR","@id":"https:\/\/www.nihoneuropa.fr\/en\/our-publications\/#primaryimage","url":"https:\/\/www.nihoneuropa.fr\/en\/wp-content\/uploads\/sites\/3\/2022\/10\/etudier-japon-nihon-europa.png","contentUrl":"https:\/\/www.nihoneuropa.fr\/en\/wp-content\/uploads\/sites\/3\/2022\/10\/etudier-japon-nihon-europa.png","width":560,"height":650,"caption":"\u00e9tudier au japon, Nihon Europa"},{"@type":"BreadcrumbList","@id":"https:\/\/www.nihoneuropa.fr\/en\/our-publications\/#breadcrumb","itemListElement":[{"@type":"ListItem","position":1,"name":"Accueil","item":"https:\/\/www.nihoneuropa.fr\/en\/"},{"@type":"ListItem","position":2,"name":"Our publications"}]},{"@type":"WebSite","@id":"https:\/\/www.nihoneuropa.fr\/en\/#website","url":"https:\/\/www.nihoneuropa.fr\/en\/","name":"Nihon EuropA Network of French and Japanese lawyers","description":"","potentialAction":[{"@type":"SearchAction","target":{"@type":"EntryPoint","urlTemplate":"https:\/\/www.nihoneuropa.fr\/en\/?s={search_term_string}"},"query-input":{"@type":"PropertyValueSpecification","valueRequired":true,"valueName":"search_term_string"}}],"inLanguage":"fr-FR"}]}},"_links":{"self":[{"href":"https:\/\/www.nihoneuropa.fr\/en\/wp-json\/wp\/v2\/pages\/3713","targetHints":{"allow":["GET"]}}],"collection":[{"href":"https:\/\/www.nihoneuropa.fr\/en\/wp-json\/wp\/v2\/pages"}],"about":[{"href":"https:\/\/www.nihoneuropa.fr\/en\/wp-json\/wp\/v2\/types\/page"}],"author":[{"embeddable":true,"href":"https:\/\/www.nihoneuropa.fr\/en\/wp-json\/wp\/v2\/users\/2"}],"replies":[{"embeddable":true,"href":"https:\/\/www.nihoneuropa.fr\/en\/wp-json\/wp\/v2\/comments?post=3713"}],"version-history":[{"count":10,"href":"https:\/\/www.nihoneuropa.fr\/en\/wp-json\/wp\/v2\/pages\/3713\/revisions"}],"predecessor-version":[{"id":4856,"href":"https:\/\/www.nihoneuropa.fr\/en\/wp-json\/wp\/v2\/pages\/3713\/revisions\/4856"}],"wp:attachment":[{"href":"https:\/\/www.nihoneuropa.fr\/en\/wp-json\/wp\/v2\/media?parent=3713"}],"curies":[{"name":"wp","href":"https:\/\/api.w.org\/{rel}","templated":true}]}}